{"id":104,"date":"2022-03-23T22:34:47","date_gmt":"2022-03-23T21:34:47","guid":{"rendered":"http:\/\/www.psychologie-dallhammer.at\/web\/?page_id=104"},"modified":"2022-08-29T14:35:10","modified_gmt":"2022-08-29T12:35:10","slug":"impressum","status":"publish","type":"page","link":"https:\/\/www.psychologie-dallhammer.at\/web\/?page_id=104","title":{"rendered":"Impressum"},"content":{"rendered":"\n<p>Mag. Elisabeth Dallhammer-Wimmer<br>Klinische und Gesundheitspsychologin<br><br>Brunn am Wald 58<br>3522 Lichtenau<br>Email: praxis@psychologie-dallhammer.at<br>Tel.: 0680 30 40 937<\/p>\n\n\n\n<p><strong>Nutzungsbedingungen<\/strong><br><br><strong>Nutzung der bereitgestellten Inhalte<\/strong><br>Die durch den Seitenbetreiber zur Verf\u00fcgung gestellten Informationen wurden mit gr\u00f6\u00dfter Sorgfalt recherchiert, zusammengestellt und soweit sie von Dritten stammen, unver\u00e4ndert \u00fcbernommen.\u00a0<br>Jeder Nutzer bleibt jedoch selbst f\u00fcr die \u00dcberpr\u00fcfung der Richtigkeit, Vollst\u00e4ndigkeit und Aktualit\u00e4t der zur<br>Verf\u00fcgung gestellten Informationen verantwortlich. Wir haften nicht f\u00fcr Sch\u00e4den, die infolge eines\u00a0<br>Missbrauches des Informationsangebotes durch den Nutzer entstehen.<br><br><strong>Urheberrecht<\/strong><br>Die durch die Seitenbetreiber erstellten Inhalte und Werke auf diesen Seiten unterliegen dem\u00a0<br>\u00f6sterreichischen Urheberrecht. Die Vervielf\u00e4ltigung, Bearbeitung, Verbreitung und jede Art der Verwertung au\u00dferhalb der Grenzen des Urheberrechtes bed\u00fcrfen der schriftlichen Zustimmung des jeweiligen\u00a0<br>Autors bzw. Erstellers. Downloads und Kopien dieser Seite sind nur f\u00fcr den privaten, nicht kommerziellen<br>Gebrauch gestattet. Soweit die Inhalte auf dieser Seite nicht vom Betreiber erstellt wurden, werden die<br>Urheberrechte Dritter beachtet. Insbesondere werden Inhalte Dritter als solche gekennzeichnet.\u00a0<br>Sollten Sie trotzdem auf eine Urheberrechtsverletzung aufmerksam werden, bitten wir um einen\u00a0<br>entsprechenden Hinweis. Bei Bekanntwerden von Rechtsverletzungen werden wir derartige Inhalte\u00a0<br>umgehend entfernen.<\/p>\n","protected":false},"excerpt":{"rendered":"<p>Mag. Elisabeth Dallhammer-WimmerKlinische und Gesundheitspsychologin Brunn am Wald 583522 LichtenauEmail: praxis@psychologie-dallhammer.atTel.: 0680 30 40 937 Nutzungsbedingungen Nutzung der bereitgestellten InhalteDie durch den Seitenbetreiber zur Verf\u00fcgung gestellten Informationen wurden mit gr\u00f6\u00dfter Sorgfalt recherchiert, zusammengestellt und soweit sie von Dritten stammen, unver\u00e4ndert \u00fcbernommen.\u00a0Jeder Nutzer bleibt jedoch selbst f\u00fcr die \u00dcberpr\u00fcfung der Richtigkeit, Vollst\u00e4ndigkeit und Aktualit\u00e4t der zurVerf\u00fcgung&hellip;&nbsp;<a href=\"https:\/\/www.psychologie-dallhammer.at\/web\/?page_id=104\" class=\"\" rel=\"bookmark\">Weiterlesen &raquo;<span class=\"screen-reader-text\">Impressum<\/span><\/a><\/p>\n","protected":false},"author":1,"featured_media":0,"parent":0,"menu_order":0,"comment_status":"closed","ping_status":"closed","template":"","meta":{"neve_meta_sidebar":"","neve_meta_container":"","neve_meta_enable_content_width":"","neve_meta_content_width":0,"neve_meta_title_alignment":"","neve_meta_author_avatar":"","neve_post_elements_order":"","neve_meta_disable_header":"","neve_meta_disable_footer":"","neve_meta_disable_title":"","_themeisle_gutenberg_block_has_review":false,"_ti_tpc_template_sync":false,"_ti_tpc_template_id":"","footnotes":""},"class_list":["post-104","page","type-page","status-publish","hentry"],"_links":{"self":[{"href":"https:\/\/www.psychologie-dallhammer.at\/web\/index.php?rest_route=\/wp\/v2\/pages\/104","targetHints":{"allow":["GET"]}}],"collection":[{"href":"https:\/\/www.psychologie-dallhammer.at\/web\/index.php?rest_route=\/wp\/v2\/pages"}],"about":[{"href":"https:\/\/www.psychologie-dallhammer.at\/web\/index.php?rest_route=\/wp\/v2\/types\/page"}],"author":[{"embeddable":true,"href":"https:\/\/www.psychologie-dallhammer.at\/web\/index.php?rest_route=\/wp\/v2\/users\/1"}],"replies":[{"embeddable":true,"href":"https:\/\/www.psychologie-dallhammer.at\/web\/index.php?rest_route=%2Fwp%2Fv2%2Fcomments&post=104"}],"version-history":[{"count":2,"href":"https:\/\/www.psychologie-dallhammer.at\/web\/index.php?rest_route=\/wp\/v2\/pages\/104\/revisions"}],"predecessor-version":[{"id":476,"href":"https:\/\/www.psychologie-dallhammer.at\/web\/index.php?rest_route=\/wp\/v2\/pages\/104\/revisions\/476"}],"wp:attachment":[{"href":"https:\/\/www.psychologie-dallhammer.at\/web\/index.php?rest_route=%2Fwp%2Fv2%2Fmedia&parent=104"}],"curies":[{"name":"wp","href":"https:\/\/api.w.org\/{rel}","templated":true}]}}